{"id":1065,"date":"2025-07-11T20:23:40","date_gmt":"2025-07-11T20:23:40","guid":{"rendered":"https:\/\/gs-app-sitiosweb-wordpress-develop.azurewebsites.net\/wordpress\/?page_id=1065"},"modified":"2025-09-22T15:11:37","modified_gmt":"2025-09-22T15:11:37","slug":"terminos-legales-y-derechos-reservados","status":"publish","type":"page","link":"https:\/\/gs-app-sitiosweb-wordpress-develop.azurewebsites.net\/wordpress\/terminos-legales-y-derechos-reservados\/","title":{"rendered":"T\u00e9rminos Legales y Derechos Reservados"},"content":{"rendered":"\t\t<div data-elementor-type=\"wp-page\" data-elementor-id=\"1065\" class=\"elementor elementor-1065\" data-elementor-post-type=\"page\">\n\t\t\t\t<div class=\"elementor-element elementor-element-cfb3c56 oo e-flex e-con-boxed e-con e-parent\" data-id=\"cfb3c56\" data-element_type=\"container\">\n\t\t\t\t\t<div class=\"e-con-inner\">\n\t\t\t\t<div class=\"elementor-element elementor-element-50f2315 elementor-invisible elementor-widget elementor-widget-heading\" data-id=\"50f2315\" data-element_type=\"widget\" data-settings=\"{&quot;_animation&quot;:&quot;fadeInUp&quot;}\" data-widget_type=\"heading.default\">\n\t\t\t\t\t<h1 class=\"elementor-heading-title elementor-size-default\">T\u00e9rminos Legales y Derechos Reservados<\/h1>\t\t\t\t<\/div>\n\t\t\t\t<div class=\"elementor-element elementor-element-f66c44f elementor-invisible elementor-widget elementor-widget-text-editor\" data-id=\"f66c44f\" data-element_type=\"widget\" data-settings=\"{&quot;_animation&quot;:&quot;fadeInUp&quot;}\" data-widget_type=\"text-editor.default\">\n\t\t\t\t\t\t\t\t\t<p>Todas las im\u00e1genes, logos, textos, marcas, lemas, ense\u00f1as, emblemas, signos distintivos, videos, y en general toda la informaci\u00f3n publicada por este medio y respecto de la tenga licencia, son de propiedad exclusiva de\u00a0<strong>GLOBAL SEGUROS DE VIDA S.A.<\/strong>\u00a0y est\u00e1n protegidos por la normatividad legal vigente.\u00a0<strong>GLOBAL SEGUROS DE VIDA S.A.<\/strong>\u00a0se reserva todos los derechos de propiedad intelectual e industrial respecto de las publicaciones que realice, y podr\u00e1 adoptar las medidas necesarias para prevenir el abuso de los derechos.<\/p><p>La informaci\u00f3n conocida, divulgada y publicada por este medio no concede al usuario ni expresa ni impl\u00edcitamente, autorizaci\u00f3n, permiso, transferencia, o licencia de uso de marcas comerciales, lemas, ense\u00f1as, patentes, derechos de autor o derechos de propiedad intelectual.<br \/>Respecto de la informaci\u00f3n suministrada en la p\u00e1gina web de Global Seguros de vida S.A. el usuario se obliga a:<\/p>\t\t\t\t\t\t\t\t<\/div>\n\t\t\t\t<div class=\"elementor-element elementor-element-d2ddfd7 elementor-icon-list--layout-traditional elementor-list-item-link-full_width elementor-invisible elementor-widget elementor-widget-icon-list\" data-id=\"d2ddfd7\" data-element_type=\"widget\" data-settings=\"{&quot;_animation&quot;:&quot;fadeInUp&quot;}\" data-widget_type=\"icon-list.default\">\n\t\t\t\t\t\t\t<ul class=\"elementor-icon-list-items\">\n\t\t\t\t\t\t\t<li class=\"elementor-icon-list-item\">\n\t\t\t\t\t\t\t\t\t\t\t<span class=\"elementor-icon-list-icon\">\n\t\t\t\t\t\t\t<svg aria-hidden=\"true\" class=\"e-font-icon-svg e-far-dot-circle\" viewBox=\"0 0 512 512\" xmlns=\"http:\/\/www.w3.org\/2000\/svg\"><path d=\"M256 56c110.532 0 200 89.451 200 200 0 110.532-89.451 200-200 200-110.532 0-200-89.451-200-200 0-110.532 89.451-200 200-200m0-48C119.033 8 8 119.033 8 256s111.033 248 248 248 248-111.033 248-248S392.967 8 256 8zm0 168c-44.183 0-80 35.817-80 80s35.817 80 80 80 80-35.817 80-80-35.817-80-80-80z\"><\/path><\/svg>\t\t\t\t\t\t<\/span>\n\t\t\t\t\t\t\t\t\t\t<span class=\"elementor-icon-list-text\">No usar la p\u00e1gina con fines il\u00edcitos o para realizar cualquier instalaci\u00f3n, uso, copia, reproducci\u00f3n, acceso o distribuci\u00f3n no autorizada de informaci\u00f3n que sea proporcionada por Global Seguros de Vida S.A.<\/span>\n\t\t\t\t\t\t\t\t\t<\/li>\n\t\t\t\t\t\t\t\t<li class=\"elementor-icon-list-item\">\n\t\t\t\t\t\t\t\t\t\t\t<span class=\"elementor-icon-list-icon\">\n\t\t\t\t\t\t\t<svg aria-hidden=\"true\" class=\"e-font-icon-svg e-far-dot-circle\" viewBox=\"0 0 512 512\" xmlns=\"http:\/\/www.w3.org\/2000\/svg\"><path d=\"M256 56c110.532 0 200 89.451 200 200 0 110.532-89.451 200-200 200-110.532 0-200-89.451-200-200 0-110.532 89.451-200 200-200m0-48C119.033 8 8 119.033 8 256s111.033 248 248 248 248-111.033 248-248S392.967 8 256 8zm0 168c-44.183 0-80 35.817-80 80s35.817 80 80 80 80-35.817 80-80-35.817-80-80-80z\"><\/path><\/svg>\t\t\t\t\t\t<\/span>\n\t\t\t\t\t\t\t\t\t\t<span class=\"elementor-icon-list-text\">No modificar, controlar, distorsionar, sustraer, extraviar, ocultar, interceptar o retirar los avisos sobre derechos de autor, marcas comerciales y otros avisos sobre derechos de propiedad industrial que aparezcan en la misma.<\/span>\n\t\t\t\t\t\t\t\t\t<\/li>\n\t\t\t\t\t\t\t\t<li class=\"elementor-icon-list-item\">\n\t\t\t\t\t\t\t\t\t\t\t<span class=\"elementor-icon-list-icon\">\n\t\t\t\t\t\t\t<svg aria-hidden=\"true\" class=\"e-font-icon-svg e-far-dot-circle\" viewBox=\"0 0 512 512\" xmlns=\"http:\/\/www.w3.org\/2000\/svg\"><path d=\"M256 56c110.532 0 200 89.451 200 200 0 110.532-89.451 200-200 200-110.532 0-200-89.451-200-200 0-110.532 89.451-200 200-200m0-48C119.033 8 8 119.033 8 256s111.033 248 248 248 248-111.033 248-248S392.967 8 256 8zm0 168c-44.183 0-80 35.817-80 80s35.817 80 80 80 80-35.817 80-80-35.817-80-80-80z\"><\/path><\/svg>\t\t\t\t\t\t<\/span>\n\t\t\t\t\t\t\t\t\t\t<span class=\"elementor-icon-list-text\"> No participar de forma directa ni indirecta en la distribuci\u00f3n o transferencia de informaci\u00f3n a trav\u00e9s de un software falsificado, pirateado o ilegal.<\/span>\n\t\t\t\t\t\t\t\t\t<\/li>\n\t\t\t\t\t\t\t\t<li class=\"elementor-icon-list-item\">\n\t\t\t\t\t\t\t\t\t\t\t<span class=\"elementor-icon-list-icon\">\n\t\t\t\t\t\t\t<svg aria-hidden=\"true\" class=\"e-font-icon-svg e-far-dot-circle\" viewBox=\"0 0 512 512\" xmlns=\"http:\/\/www.w3.org\/2000\/svg\"><path d=\"M256 56c110.532 0 200 89.451 200 200 0 110.532-89.451 200-200 200-110.532 0-200-89.451-200-200 0-110.532 89.451-200 200-200m0-48C119.033 8 8 119.033 8 256s111.033 248 248 248 248-111.033 248-248S392.967 8 256 8zm0 168c-44.183 0-80 35.817-80 80s35.817 80 80 80 80-35.817 80-80-35.817-80-80-80z\"><\/path><\/svg>\t\t\t\t\t\t<\/span>\n\t\t\t\t\t\t\t\t\t\t<span class=\"elementor-icon-list-text\">No utilizar la informaci\u00f3n publicada para comercializar productos u ofrecer servicios id\u00e9nticos o similares.<\/span>\n\t\t\t\t\t\t\t\t\t<\/li>\n\t\t\t\t\t\t\t\t<li class=\"elementor-icon-list-item\">\n\t\t\t\t\t\t\t\t\t\t\t<span class=\"elementor-icon-list-icon\">\n\t\t\t\t\t\t\t<svg aria-hidden=\"true\" class=\"e-font-icon-svg e-far-dot-circle\" viewBox=\"0 0 512 512\" xmlns=\"http:\/\/www.w3.org\/2000\/svg\"><path d=\"M256 56c110.532 0 200 89.451 200 200 0 110.532-89.451 200-200 200-110.532 0-200-89.451-200-200 0-110.532 89.451-200 200-200m0-48C119.033 8 8 119.033 8 256s111.033 248 248 248 248-111.033 248-248S392.967 8 256 8zm0 168c-44.183 0-80 35.817-80 80s35.817 80 80 80 80-35.817 80-80-35.817-80-80-80z\"><\/path><\/svg>\t\t\t\t\t\t<\/span>\n\t\t\t\t\t\t\t\t\t\t<span class=\"elementor-icon-list-text\">No incorporar virus u otros elementos que puedan da\u00f1ar o impedir el funcionamiento de la red.<\/span>\n\t\t\t\t\t\t\t\t\t<\/li>\n\t\t\t\t\t\t<\/ul>\n\t\t\t\t\t\t<\/div>\n\t\t\t\t\t<\/div>\n\t\t\t\t<\/div>\n\t\t<div class=\"elementor-element elementor-element-c774ef8 e-flex e-con-boxed e-con e-parent\" data-id=\"c774ef8\" data-element_type=\"container\" data-settings=\"{&quot;background_background&quot;:&quot;classic&quot;}\">\n\t\t\t\t\t<div class=\"e-con-inner\">\n\t\t\t\t<div class=\"elementor-element elementor-element-2a24e40 elementor-view-stacked elementor-shape-circle elementor-widget elementor-widget-icon\" data-id=\"2a24e40\" data-element_type=\"widget\" data-widget_type=\"icon.default\">\n\t\t\t\t\t\t\t<div class=\"elementor-icon-wrapper\">\n\t\t\t<a class=\"elementor-icon elementor-animation-pulse\" href=\"#footer\">\n\t\t\t<svg aria-hidden=\"true\" class=\"e-font-icon-svg e-fas-chevron-down\" viewBox=\"0 0 448 512\" xmlns=\"http:\/\/www.w3.org\/2000\/svg\"><path d=\"M207.029 381.476L12.686 187.132c-9.373-9.373-9.373-24.569 0-33.941l22.667-22.667c9.357-9.357 24.522-9.375 33.901-.04L224 284.505l154.745-154.021c9.379-9.335 24.544-9.317 33.901.04l22.667 22.667c9.373 9.373 9.373 24.569 0 33.941L240.971 381.476c-9.373 9.372-24.569 9.372-33.942 0z\"><\/path><\/svg>\t\t\t<\/a>\n\t\t<\/div>\n\t\t\t\t\t\t<\/div>\n\t\t\t\t\t<\/div>\n\t\t\t\t<\/div>\n\t\t\t\t<\/div>\n\t\t","protected":false},"excerpt":{"rendered":"<p>T\u00e9rminos Legales y Derechos Reservados Todas las im\u00e1genes, logos, textos, marcas, lemas, ense\u00f1as, emblemas, signos distintivos, videos, y en general toda la informaci\u00f3n publicada por este medio y respecto de la tenga licencia, son de propiedad exclusiva de\u00a0GLOBAL SEGUROS DE VIDA S.A.\u00a0y est\u00e1n protegidos por la normatividad legal vigente.\u00a0GLOBAL SEGUROS DE VIDA S.A.\u00a0se reserva todos [&hellip;]<\/p>\n","protected":false},"author":1,"featured_media":0,"parent":0,"menu_order":0,"comment_status":"closed","ping_status":"closed","template":"","meta":{"footnotes":""},"class_list":["post-1065","page","type-page","status-publish","hentry"],"acf":[],"_links":{"self":[{"href":"https:\/\/gs-app-sitiosweb-wordpress-develop.azurewebsites.net\/wordpress\/wp-json\/wp\/v2\/pages\/1065","targetHints":{"allow":["GET"]}}],"collection":[{"href":"https:\/\/gs-app-sitiosweb-wordpress-develop.azurewebsites.net\/wordpress\/wp-json\/wp\/v2\/pages"}],"about":[{"href":"https:\/\/gs-app-sitiosweb-wordpress-develop.azurewebsites.net\/wordpress\/wp-json\/wp\/v2\/types\/page"}],"author":[{"embeddable":true,"href":"https:\/\/gs-app-sitiosweb-wordpress-develop.azurewebsites.net\/wordpress\/wp-json\/wp\/v2\/users\/1"}],"replies":[{"embeddable":true,"href":"https:\/\/gs-app-sitiosweb-wordpress-develop.azurewebsites.net\/wordpress\/wp-json\/wp\/v2\/comments?post=1065"}],"version-history":[{"count":1,"href":"https:\/\/gs-app-sitiosweb-wordpress-develop.azurewebsites.net\/wordpress\/wp-json\/wp\/v2\/pages\/1065\/revisions"}],"predecessor-version":[{"id":3296,"href":"https:\/\/gs-app-sitiosweb-wordpress-develop.azurewebsites.net\/wordpress\/wp-json\/wp\/v2\/pages\/1065\/revisions\/3296"}],"wp:attachment":[{"href":"https:\/\/gs-app-sitiosweb-wordpress-develop.azurewebsites.net\/wordpress\/wp-json\/wp\/v2\/media?parent=1065"}],"curies":[{"name":"wp","href":"https:\/\/api.w.org\/{rel}","templated":true}]}}