{"id":1342,"date":"2025-07-14T20:46:08","date_gmt":"2025-07-14T20:46:08","guid":{"rendered":"https:\/\/gs-app-sitiosweb-wordpress-develop.azurewebsites.net\/wordpress\/?page_id=1342"},"modified":"2026-01-20T22:29:26","modified_gmt":"2026-01-20T22:29:26","slug":"best-buddies","status":"publish","type":"page","link":"https:\/\/gs-app-sitiosweb-wordpress-develop.azurewebsites.net\/wordpress\/best-buddies\/","title":{"rendered":"Best Buddies"},"content":{"rendered":"\t\t<div data-elementor-type=\"wp-page\" data-elementor-id=\"1342\" class=\"elementor elementor-1342\" data-elementor-post-type=\"page\">\n\t\t\t\t<div class=\"elementor-element elementor-element-cfb3c56 oo e-flex e-con-boxed e-con e-parent\" data-id=\"cfb3c56\" data-element_type=\"container\">\n\t\t\t\t\t<div class=\"e-con-inner\">\n\t\t\t\t<div class=\"elementor-element elementor-element-d038b76 elementor-invisible elementor-widget elementor-widget-heading\" data-id=\"d038b76\" data-element_type=\"widget\" data-settings=\"{&quot;_animation&quot;:&quot;fadeInUp&quot;}\" data-widget_type=\"heading.default\">\n\t\t\t\t\t<h1 class=\"elementor-heading-title elementor-size-default\">Best Buddies<\/h1>\t\t\t\t<\/div>\n\t\t\t\t<div class=\"elementor-element elementor-element-f66c44f elementor-invisible elementor-widget elementor-widget-text-editor\" data-id=\"f66c44f\" data-element_type=\"widget\" data-settings=\"{&quot;_animation&quot;:&quot;fadeInUp&quot;}\" data-widget_type=\"text-editor.default\">\n\t\t\t\t\t\t\t\t\t<p>Desde hace varios a\u00f1os, estamos vinculados a la Fundaci\u00f3n Best Buddies Colombia. Organizaci\u00f3n internacional sin \u00e1nimo de lucro, cuyo objetivo fundamental consiste en abrir caminos hacia la integraci\u00f3n social de las personas con discapacidad cognitiva en el pa\u00eds.<\/p><p>Hasta finales del a\u00f1o 2009\u00a0nuestro aporte hab\u00eda sido de forma econ\u00f3mica; a partir de diciembre del 2010, Global Seguros de Vida S.A., ingres\u00f3 al programa de inclusi\u00f3n laboral Best Buddies, vinculando activamente a nuestra fuerza laboral a un amigo del alma, el cual desempe\u00f1a funciones de oficina de manera eficiente y productiva.<\/p>\t\t\t\t\t\t\t\t<\/div>\n\t\t\t\t\t<\/div>\n\t\t\t\t<\/div>\n\t\t<div class=\"elementor-element elementor-element-3b220bc e-flex e-con-boxed e-con e-parent\" data-id=\"3b220bc\" data-element_type=\"container\" data-settings=\"{&quot;background_background&quot;:&quot;classic&quot;}\">\n\t\t\t\t\t<div class=\"e-con-inner\">\n\t\t\t\t<div class=\"elementor-element elementor-element-d355277 elementor-view-stacked elementor-shape-circle elementor-widget elementor-widget-icon\" data-id=\"d355277\" data-element_type=\"widget\" data-widget_type=\"icon.default\">\n\t\t\t\t\t\t\t<div class=\"elementor-icon-wrapper\">\n\t\t\t<a class=\"elementor-icon elementor-animation-pulse\" href=\"#footer\">\n\t\t\t\t\t\t<\/a>\n\t\t<\/div>\n\t\t\t\t\t\t<\/div>\n\t\t\t\t\t<\/div>\n\t\t\t\t<\/div>\n\t\t\t\t<\/div>\n\t\t","protected":false},"excerpt":{"rendered":"<p>Best Buddies Desde hace varios a\u00f1os, estamos vinculados a la Fundaci\u00f3n Best Buddies Colombia. Organizaci\u00f3n internacional sin \u00e1nimo de lucro, cuyo objetivo fundamental consiste en abrir caminos hacia la integraci\u00f3n social de las personas con discapacidad cognitiva en el pa\u00eds. Hasta finales del a\u00f1o 2009\u00a0nuestro aporte hab\u00eda sido de forma econ\u00f3mica; a partir de diciembre [&hellip;]<\/p>\n","protected":false},"author":1,"featured_media":0,"parent":0,"menu_order":0,"comment_status":"closed","ping_status":"closed","template":"","meta":{"footnotes":""},"class_list":["post-1342","page","type-page","status-publish","hentry"],"acf":[],"_links":{"self":[{"href":"https:\/\/gs-app-sitiosweb-wordpress-develop.azurewebsites.net\/wordpress\/wp-json\/wp\/v2\/pages\/1342","targetHints":{"allow":["GET"]}}],"collection":[{"href":"https:\/\/gs-app-sitiosweb-wordpress-develop.azurewebsites.net\/wordpress\/wp-json\/wp\/v2\/pages"}],"about":[{"href":"https:\/\/gs-app-sitiosweb-wordpress-develop.azurewebsites.net\/wordpress\/wp-json\/wp\/v2\/types\/page"}],"author":[{"embeddable":true,"href":"https:\/\/gs-app-sitiosweb-wordpress-develop.azurewebsites.net\/wordpress\/wp-json\/wp\/v2\/users\/1"}],"replies":[{"embeddable":true,"href":"https:\/\/gs-app-sitiosweb-wordpress-develop.azurewebsites.net\/wordpress\/wp-json\/wp\/v2\/comments?post=1342"}],"version-history":[{"count":7,"href":"https:\/\/gs-app-sitiosweb-wordpress-develop.azurewebsites.net\/wordpress\/wp-json\/wp\/v2\/pages\/1342\/revisions"}],"predecessor-version":[{"id":4897,"href":"https:\/\/gs-app-sitiosweb-wordpress-develop.azurewebsites.net\/wordpress\/wp-json\/wp\/v2\/pages\/1342\/revisions\/4897"}],"wp:attachment":[{"href":"https:\/\/gs-app-sitiosweb-wordpress-develop.azurewebsites.net\/wordpress\/wp-json\/wp\/v2\/media?parent=1342"}],"curies":[{"name":"wp","href":"https:\/\/api.w.org\/{rel}","templated":true}]}}